{"id":1100,"date":"2018-06-20T19:54:44","date_gmt":"2018-06-20T18:54:44","guid":{"rendered":"http:\/\/www.kusyn.sk\/?page_id=1100"},"modified":"2018-06-20T19:54:44","modified_gmt":"2018-06-20T18:54:44","slug":"informacie-o-suboroch-cookies","status":"publish","type":"page","link":"https:\/\/www.kusyn.sk\/laboratoria\/informacie-o-suboroch-cookies\/","title":{"rendered":"Inform\u00e1cie o s\u00faboroch cookies"},"content":{"rendered":"<p>S\u00fabory <strong>cookies<\/strong> s\u00fa mal\u00e9 textov\u00e9 s\u00fabory, ktor\u00e9 sa umiestnia vo <strong>va\u0161om po\u010d\u00edta\u010di<\/strong> alebo zariaden\u00ed pri n\u00e1v\u0161teve na\u0161ej webovej str\u00e1nky. T\u00fdm, \u017ee pou\u017e\u00edvame s\u00fabory cookies nedoch\u00e1dza k poru\u0161ovaniu z\u00e1kona \u010d. 122\/2013 Z.z. o ochrane osobn\u00fdch \u00fadajov, nako\u013eko ich pou\u017e\u00edvan\u00edm nezhroma\u017e\u010fujeme osobn\u00e9 \u00fadaje a ani ich neposkytujeme sprostredkovate\u013eom resp. tret\u00edm stran\u00e1m. Ka\u017ed\u00fd u\u017e\u00edvate\u013e prezeran\u00edm tejto na\u0161ej webovej str\u00e1nky s\u00fahlas\u00ed s ich pou\u017e\u00edvan\u00edm a ukladan\u00edm do svojho prehliada\u010da. O tejto skuto\u010dnosti ste upozornen\u00fd pri n\u00e1v\u0161teve na\u0161ej webovej str\u00e1nky a svoj s\u00fahlas prejavujete \u010fal\u0161\u00edm prezeran\u00edm na\u0161ej webovej str\u00e1nky. Ak u\u017e\u00edvate\u013e nes\u00fahlas\u00ed s pou\u017e\u00edvan\u00edm s\u00faborov cookies, na\u0161u webov\u00fa str\u00e1nku nenav\u0161tevuje alebo s\u00fabory cookies akt\u00edvne vyma\u017ete alebo zablokujte. Ak d\u00f4jde k odmietnutiu pou\u017e\u00edvania cookies, na\u0161u str\u00e1nku budete m\u00f4c\u0165 na\u010falej nav\u0161t\u00edvi\u0165, av\u0161ak niektor\u00e9 funkcie nemusia fungova\u0165 spr\u00e1vne.<\/p>\n<div class=\"gap\"><\/div>\n<p>S\u00fabory cookies sa ukladaj\u00fa do po\u010d\u00edta\u010da u\u017e\u00edvate\u013ea, aby mu umo\u017enili pr\u00edstup k r\u00f4znym funkci\u00e1m. S\u00fabory cookies pou\u017e\u00edvame na zv\u00fd\u0161enie efektivity Va\u0161ich n\u00e1v\u0161tev na na\u0161ej webovej str\u00e1nke. S\u00fabory cookies pou\u017e\u00edvame na \u00fa\u010dely zapam\u00e4tania predvolieb preh\u013ead\u00e1vania a to napr\u00edklad ve\u013ekosti textu, uprednost\u0148ovan\u00e9ho jazyka, predvolieb farieb at\u010f. \u010do n\u00e1m umo\u017e\u0148uje jednoduch\u0161ie prech\u00e1dzanie na\u0161ou str\u00e1nkou, a zhroma\u017e\u010fovanie analytick\u00fdch inform\u00e1ci\u00ed a to napr\u00edklad po\u010dtu n\u00e1v\u0161tevn\u00edkov na na\u0161ej webovej str\u00e1nke. Cookies n\u00e1m umo\u017e\u0148uj\u00fa lep\u0161ie zhroma\u017e\u010fova\u0165 inform\u00e1cie o pou\u017e\u00edvan\u00ed na\u0161ej webovej str\u00e1nky. V ich \u00fadajoch v\u0161ak v \u017eiadnom pr\u00edpade nezhroma\u017e\u010fujeme va\u0161e osobn\u00e9 \u00fadaje a inform\u00e1cie. Uklad\u00e1 sa len jedine\u010dn\u00fd identifik\u00e1tor rel\u00e1cie, ktor\u00fd n\u00e1m umo\u017e\u0148uje op\u00e4tovne na\u010d\u00edta\u0165 profil a predvo\u013eby u\u017e\u00edvate\u013ea pri va\u0161ej \u010fal\u0161ej n\u00e1v\u0161teve webovej str\u00e1nky.<\/p>\n<div class=\"gap\"><\/div>\n<p><strong>Typy s\u00faborov cookies s\u00fa:<\/strong><\/p>\n<div class=\"gap\"><\/div>\n<p><strong>(a)<\/strong> s\u00fabory cookie rel\u00e1cie, ktor\u00e9 s\u00fa do\u010dasne ulo\u017een\u00e9 v po\u010d\u00edta\u010di alebo zariaden\u00ed po\u010das rel\u00e1cie preh\u013ead\u00e1vania a po jej ukon\u010den\u00ed sa odstr\u00e1ni.<br \/>\n<strong>(b)<\/strong> trval\u00e9 s\u00fabory cookie, ktor\u00e9 sa uchov\u00e1vaj\u00fa v po\u010d\u00edta\u010di dlh\u0161\u00ed \u010das. Tieto trval\u00e9 s\u00fabory cookie m\u00f4\u017ee u\u017e\u00edvate\u013e vymaza\u0165.\u00a0Ponuka preva\u017enej \u010dasti preh\u013ead\u00e1va\u010dov obsahuje mo\u017enosti konfigur\u00e1cie nastaven\u00ed t.j. preh\u013ead\u00e1va\u010d zvy\u010dajne obsahuje mo\u017enosti ako napr. povolenie s\u00faborov cookie, prezeranie s\u00faborov cookie, zak\u00e1zanie v\u0161etk\u00fdch alebo vybrat\u00fdch s\u00faborov cookie at\u010f.<\/p>\n","protected":false},"excerpt":{"rendered":"<p>S\u00fabory cookies s\u00fa mal\u00e9 textov\u00e9 s\u00fabory, ktor\u00e9 sa umiestnia vo va\u0161om po\u010d\u00edta\u010di alebo zariaden\u00ed pri n\u00e1v\u0161teve na\u0161ej webovej str\u00e1nky. T\u00fdm, \u017ee pou\u017e\u00edvame s\u00fabory cookies nedoch\u00e1dza k poru\u0161ovaniu z\u00e1kona \u010d. 122\/2013 Z.z. o ochrane osobn\u00fdch \u00fadajov, nako\u013eko ich pou\u017e\u00edvan\u00edm nezhroma\u017e\u010fujeme osobn\u00e9&hellip;<\/p>\n","protected":false},"author":1,"featured_media":0,"parent":0,"menu_order":0,"comment_status":"closed","ping_status":"closed","template":"","meta":[],"_links":{"self":[{"href":"https:\/\/www.kusyn.sk\/laboratoria\/wp-json\/wp\/v2\/pages\/1100"}],"collection":[{"href":"https:\/\/www.kusyn.sk\/laboratoria\/wp-json\/wp\/v2\/pages"}],"about":[{"href":"https:\/\/www.kusyn.sk\/laboratoria\/wp-json\/wp\/v2\/types\/page"}],"author":[{"embeddable":true,"href":"https:\/\/www.kusyn.sk\/laboratoria\/wp-json\/wp\/v2\/users\/1"}],"replies":[{"embeddable":true,"href":"https:\/\/www.kusyn.sk\/laboratoria\/wp-json\/wp\/v2\/comments?post=1100"}],"version-history":[{"count":1,"href":"https:\/\/www.kusyn.sk\/laboratoria\/wp-json\/wp\/v2\/pages\/1100\/revisions"}],"predecessor-version":[{"id":1101,"href":"https:\/\/www.kusyn.sk\/laboratoria\/wp-json\/wp\/v2\/pages\/1100\/revisions\/1101"}],"wp:attachment":[{"href":"https:\/\/www.kusyn.sk\/laboratoria\/wp-json\/wp\/v2\/media?parent=1100"}],"curies":[{"name":"wp","href":"https:\/\/api.w.org\/{rel}","templated":true}]}}