{"id":2,"date":"2014-03-05T11:11:50","date_gmt":"2014-03-05T11:11:50","guid":{"rendered":"http:\/\/wordpress.kusyn.sk\/?page_id=2"},"modified":"2021-01-20T20:28:52","modified_gmt":"2021-01-20T19:28:52","slug":"homepage","status":"publish","type":"page","link":"https:\/\/www.kusyn.sk\/laboratoria\/","title":{"rendered":"Homepage"},"content":{"rendered":"[vc_row][vc_column]<div class=\"vcex-spacing wpex-w-100 wpex-clear\" style=\"height:30px\"><\/div>[vc_single_image image=&#8220;330&#8243;]<div class=\"vcex-spacing wpex-w-100 wpex-clear\" style=\"height:30px\"><\/div>[vc_column_text]\n<h1><span style=\"font-size: 28px;\">Dod\u00e1vate\u013e pre Va\u0161e laborat\u00f3rium<\/span><\/h1>\n<p style=\"text-align: justify;\">Na\u0161a firma pon\u00faka \u0161irok\u00fa paletu slu\u017eieb a produktov pre Va\u0161e laborat\u00f3rium. V na\u0161om sortimente n\u00e1jdete: laborat\u00f3rny n\u00e1bytok, laborat\u00f3rne digestory, laborat\u00f3rne sklo, porcel\u00e1n, laborat\u00f3rne plasty, pr\u00edstroje, d\u00e1vkova\u010de,\u00a0pom\u00f4cky a in\u00e9 produkty nevyhnutn\u00e9 pre chod V\u00e1\u0161ho laborat\u00f3ria. Medzi na\u0161imi produktmi m\u00f4\u017eete tie\u017e n\u00e1js\u0165 nemeck\u00e9 v\u00e1hy KERN, \u0161vaj\u010diarske v\u00e1hy OHAUS, \u00a0su\u0161iarne a inkub\u00e1tory Memmert alebo BINDER, zariadenia RODEM na v\u00fdrobu demineralizovanej vody, \u00a0&#8230;<\/p>\n<p><span style=\"line-height: 1.5em;\">\u00a0<\/span><\/p>\n<h2>Pre\u010do sa obr\u00e1ti\u0165 pr\u00e1ve na n\u00e1s?<\/h2>\n[\/vc_column_text]<div class=\"vcex-spacing wpex-w-100 wpex-clear\" style=\"height:20px\"><\/div><div class=\"vcex-module vcex-list_item wpex-max-w-100 wpex-clr wpex-mb-5 texttextleft\"><div class=\"vcex-list-item-inner wpex-inline-flex wpex-flex-no-wrap\"><div class=\"vcex-list-item-icon wpex-mr-10\"><div class=\"vcex-icon-wrap\" style=\"color:#7dbd21;\"><span class=\"ticon ticon-check\"><\/span><\/div><\/div><div class=\"vcex-list-item-text vcex-content wpex-flex-grow\">viac ako 20 rokov sk\u00fasenost\u00ed v oblasti chemick\u00fdch laborat\u00f3ri\u00ed<\/div><\/div><\/div><div class=\"vcex-module vcex-list_item wpex-max-w-100 wpex-clr wpex-mb-5 texttextleft\"><div class=\"vcex-list-item-inner wpex-inline-flex wpex-flex-no-wrap\"><div class=\"vcex-list-item-icon wpex-mr-10\"><div class=\"vcex-icon-wrap\" style=\"color:#7dbd21;\"><span class=\"ticon ticon-check\"><\/span><\/div><\/div><div class=\"vcex-list-item-text vcex-content wpex-flex-grow\">dlhoro\u010dn\u00e1 trad\u00edcia &#8211; sme na trhu od roku 1990<\/div><\/div><\/div><div class=\"vcex-module vcex-list_item wpex-max-w-100 wpex-clr wpex-mb-5 texttextleft\"><div class=\"vcex-list-item-inner wpex-inline-flex wpex-flex-no-wrap\"><div class=\"vcex-list-item-icon wpex-mr-10\"><div class=\"vcex-icon-wrap\" style=\"color:#7dbd21;\"><span class=\"ticon ticon-check\"><\/span><\/div><\/div><div class=\"vcex-list-item-text vcex-content wpex-flex-grow\">spokojn\u00ed z\u00e1kazn\u00edci po celom Slovensku<\/div><\/div><\/div><div class=\"vcex-module vcex-list_item wpex-max-w-100 wpex-clr wpex-mb-5 texttextleft\"><div class=\"vcex-list-item-inner wpex-inline-flex wpex-flex-no-wrap\"><div class=\"vcex-list-item-icon wpex-mr-10\"><div class=\"vcex-icon-wrap\" style=\"color:#7dbd21;\"><span class=\"ticon ticon-check\"><\/span><\/div><\/div><div class=\"vcex-list-item-text vcex-content wpex-flex-grow\">dod\u00e1vame len overen\u00e9 a kvalitn\u00e9 produkty za priazniv\u00e9 ceny<\/div><\/div><\/div><div class=\"vcex-module vcex-list_item wpex-max-w-100 wpex-clr wpex-mb-5 texttextleft\"><div class=\"vcex-list-item-inner wpex-inline-flex wpex-flex-no-wrap\"><div class=\"vcex-list-item-icon wpex-mr-10\"><div class=\"vcex-icon-wrap\" style=\"color:#7dbd21;\"><span class=\"ticon ticon-check\"><\/span><\/div><\/div><div class=\"vcex-list-item-text vcex-content wpex-flex-grow\">sme v\u00fdrobcom laborat\u00f3rneho n\u00e1bytku ktor\u00fd sp\u013a\u0148a STN EN normy<\/div><\/div><\/div><div class=\"vcex-module vcex-list_item wpex-max-w-100 wpex-clr wpex-mb-5 texttextleft\"><div class=\"vcex-list-item-inner wpex-inline-flex wpex-flex-no-wrap\"><div class=\"vcex-list-item-icon wpex-mr-10\"><div class=\"vcex-icon-wrap\" style=\"color:#7dbd21;\"><span class=\"ticon ticon-check\"><\/span><\/div><\/div><div class=\"vcex-list-item-text vcex-content wpex-flex-grow\">laborat\u00f3rium, alebo lek\u00e1re\u0148 V\u00e1m postav\u00edme na k\u013e\u00fa\u010d<\/div><\/div><\/div>[\/vc_column][\/vc_row]\n","protected":false},"excerpt":{"rendered":"<p>[vc_row][vc_column][vc_single_image image=&#8220;330&#8243;][vc_column_text] Dod\u00e1vate\u013e pre Va\u0161e laborat\u00f3rium Na\u0161a firma pon\u00faka \u0161irok\u00fa paletu slu\u017eieb a produktov pre Va\u0161e laborat\u00f3rium. V na\u0161om sortimente n\u00e1jdete: laborat\u00f3rny n\u00e1bytok, laborat\u00f3rne digestory, laborat\u00f3rne sklo, porcel\u00e1n, laborat\u00f3rne plasty, pr\u00edstroje, d\u00e1vkova\u010de,\u00a0pom\u00f4cky a in\u00e9 produkty nevyhnutn\u00e9 pre chod V\u00e1\u0161ho laborat\u00f3ria.&hellip;<\/p>\n","protected":false},"author":1,"featured_media":0,"parent":0,"menu_order":0,"comment_status":"open","ping_status":"closed","template":"","meta":[],"_links":{"self":[{"href":"https:\/\/www.kusyn.sk\/laboratoria\/wp-json\/wp\/v2\/pages\/2"}],"collection":[{"href":"https:\/\/www.kusyn.sk\/laboratoria\/wp-json\/wp\/v2\/pages"}],"about":[{"href":"https:\/\/www.kusyn.sk\/laboratoria\/wp-json\/wp\/v2\/types\/page"}],"author":[{"embeddable":true,"href":"https:\/\/www.kusyn.sk\/laboratoria\/wp-json\/wp\/v2\/users\/1"}],"replies":[{"embeddable":true,"href":"https:\/\/www.kusyn.sk\/laboratoria\/wp-json\/wp\/v2\/comments?post=2"}],"version-history":[{"count":27,"href":"https:\/\/www.kusyn.sk\/laboratoria\/wp-json\/wp\/v2\/pages\/2\/revisions"}],"predecessor-version":[{"id":1119,"href":"https:\/\/www.kusyn.sk\/laboratoria\/wp-json\/wp\/v2\/pages\/2\/revisions\/1119"}],"wp:attachment":[{"href":"https:\/\/www.kusyn.sk\/laboratoria\/wp-json\/wp\/v2\/media?parent=2"}],"curies":[{"name":"wp","href":"https:\/\/api.w.org\/{rel}","templated":true}]}}