{"id":545,"date":"2014-04-17T20:23:19","date_gmt":"2014-04-17T19:23:19","guid":{"rendered":"http:\/\/www.kusyn.sk\/?page_id=545"},"modified":"2014-11-19T23:52:47","modified_gmt":"2014-11-19T22:52:47","slug":"realizacie","status":"publish","type":"page","link":"https:\/\/www.kusyn.sk\/laboratoria\/realizacie\/","title":{"rendered":"Realiz\u00e1cie"},"content":{"rendered":"[vc_row][vc_column width=&#8220;1\/1&#8243;]<div class=\"vcex-image-grid-wrap wpex-clr\"><div class=\"vcex-module vcex-image-grid wpex-clr grid-style-default wpex-row wpex-lightbox-group\"><div class=\"id-632 vcex-image-grid-entry vcex-grid-item textcenter span_1_of_3 col col-1\"><figure class=\"vcex-image-grid-entry-figure wpex-last-mb-0 wpex-clr\"><div class=\"vcex-image-grid-entry-img entry-media wpex-image-hover grow  wpex-mb-20\"><a href=\"https:\/\/www.kusyn.sk\/laboratoria\/wp-content\/uploads\/2014\/04\/obojstrann\u00fd-st\u00f4l-s-jednopodla\u017enou-policou-.jpg\" class=\"vcex-image-grid-entry-img wpex-lightbox-group-item\" ><img loading=\"lazy\" class=\"wpex-align-middle\" src=\"https:\/\/www.kusyn.sk\/laboratoria\/wp-content\/uploads\/2014\/04\/obojstrann\u00fd-st\u00f4l-s-jednopodla\u017enou-policou--500x500.jpg\" alt=\"\" width=\"500\" height=\"500\" \/><\/a><\/div><\/figure><\/div><div class=\"id-634 vcex-image-grid-entry vcex-grid-item textcenter span_1_of_3 col col-2\"><figure class=\"vcex-image-grid-entry-figure wpex-last-mb-0 wpex-clr\"><div class=\"vcex-image-grid-entry-img entry-media wpex-image-hover grow  wpex-mb-20\"><a href=\"https:\/\/www.kusyn.sk\/laboratoria\/wp-content\/uploads\/2014\/04\/pracovn\u00e1-doska-HPL-s-vyv\u00fd\u0161en\u00fdm-okrajom.jpg\" class=\"vcex-image-grid-entry-img wpex-lightbox-group-item\" ><img loading=\"lazy\" class=\"wpex-align-middle\" src=\"https:\/\/www.kusyn.sk\/laboratoria\/wp-content\/uploads\/2014\/04\/pracovn\u00e1-doska-HPL-s-vyv\u00fd\u0161en\u00fdm-okrajom-500x500.jpg\" alt=\"\" width=\"500\" height=\"500\" \/><\/a><\/div><\/figure><\/div><div class=\"id-645 vcex-image-grid-entry vcex-grid-item textcenter span_1_of_3 col col-3\"><figure class=\"vcex-image-grid-entry-figure wpex-last-mb-0 wpex-clr\"><div class=\"vcex-image-grid-entry-img entry-media wpex-image-hover grow  wpex-mb-20\"><a href=\"https:\/\/www.kusyn.sk\/laboratoria\/wp-content\/uploads\/2014\/04\/v\u00fdlevka-bez-prev\u00fd\u0161enia.jpg\" class=\"vcex-image-grid-entry-img wpex-lightbox-group-item\" ><img loading=\"lazy\" class=\"wpex-align-middle\" src=\"https:\/\/www.kusyn.sk\/laboratoria\/wp-content\/uploads\/2014\/04\/v\u00fdlevka-bez-prev\u00fd\u0161enia-500x500.jpg\" alt=\"\" width=\"500\" height=\"500\" \/><\/a><\/div><\/figure><\/div><div class=\"id-616 vcex-image-grid-entry vcex-grid-item textcenter span_1_of_3 col col-1\"><figure class=\"vcex-image-grid-entry-figure wpex-last-mb-0 wpex-clr\"><div class=\"vcex-image-grid-entry-img entry-media wpex-image-hover grow  wpex-mb-20\"><a href=\"https:\/\/www.kusyn.sk\/laboratoria\/wp-content\/uploads\/2014\/04\/jedostrann\u00fd-st\u00f4l-a-z\u00e1vesn\u00e9-skrinky.jpg\" class=\"vcex-image-grid-entry-img wpex-lightbox-group-item\" ><img loading=\"lazy\" class=\"wpex-align-middle\" src=\"https:\/\/www.kusyn.sk\/laboratoria\/wp-content\/uploads\/2014\/04\/jedostrann\u00fd-st\u00f4l-a-z\u00e1vesn\u00e9-skrinky-500x500.jpg\" alt=\"\" width=\"500\" height=\"500\" \/><\/a><\/div><\/figure><\/div><div class=\"id-615 vcex-image-grid-entry vcex-grid-item textcenter span_1_of_3 col col-2\"><figure class=\"vcex-image-grid-entry-figure wpex-last-mb-0 wpex-clr\"><div class=\"vcex-image-grid-entry-img entry-media wpex-image-hover grow  wpex-mb-20\"><a href=\"https:\/\/www.kusyn.sk\/laboratoria\/wp-content\/uploads\/2014\/04\/jednostrann\u00fd-st\u00f4l-pracovn\u00e1-doska-s-HPL.jpg\" class=\"vcex-image-grid-entry-img wpex-lightbox-group-item\" ><img loading=\"lazy\" class=\"wpex-align-middle\" src=\"https:\/\/www.kusyn.sk\/laboratoria\/wp-content\/uploads\/2014\/04\/jednostrann\u00fd-st\u00f4l-pracovn\u00e1-doska-s-HPL-500x500.jpg\" alt=\"\" width=\"500\" height=\"500\" \/><\/a><\/div><\/figure><\/div><div class=\"id-638 vcex-image-grid-entry vcex-grid-item textcenter span_1_of_3 col col-3\"><figure class=\"vcex-image-grid-entry-figure wpex-last-mb-0 wpex-clr\"><div class=\"vcex-image-grid-entry-img entry-media wpex-image-hover grow  wpex-mb-20\"><a href=\"https:\/\/www.kusyn.sk\/laboratoria\/wp-content\/uploads\/2014\/04\/pracovn\u00e1-doska-z-HPL.jpg\" class=\"vcex-image-grid-entry-img wpex-lightbox-group-item\" ><img loading=\"lazy\" class=\"wpex-align-middle\" src=\"https:\/\/www.kusyn.sk\/laboratoria\/wp-content\/uploads\/2014\/04\/pracovn\u00e1-doska-z-HPL-500x500.jpg\" alt=\"\" width=\"500\" height=\"500\" \/><\/a><\/div><\/figure><\/div><div class=\"id-609 vcex-image-grid-entry vcex-grid-item textcenter span_1_of_3 col col-1\"><figure class=\"vcex-image-grid-entry-figure wpex-last-mb-0 wpex-clr\"><div class=\"vcex-image-grid-entry-img entry-media wpex-image-hover grow  wpex-mb-20\"><a href=\"https:\/\/www.kusyn.sk\/laboratoria\/wp-content\/uploads\/2014\/04\/DS-12V-a-jedostrann\u00fd-st\u00f4l.jpg\" class=\"vcex-image-grid-entry-img wpex-lightbox-group-item\" ><img loading=\"lazy\" class=\"wpex-align-middle\" src=\"https:\/\/www.kusyn.sk\/laboratoria\/wp-content\/uploads\/2014\/04\/DS-12V-a-jedostrann\u00fd-st\u00f4l-500x500.jpg\" alt=\"\" width=\"500\" height=\"500\" \/><\/a><\/div><\/figure><\/div><div class=\"id-627 vcex-image-grid-entry vcex-grid-item textcenter span_1_of_3 col col-2\"><figure class=\"vcex-image-grid-entry-figure wpex-last-mb-0 wpex-clr\"><div class=\"vcex-image-grid-entry-img entry-media wpex-image-hover grow  wpex-mb-20\"><a href=\"https:\/\/www.kusyn.sk\/laboratoria\/wp-content\/uploads\/2014\/04\/obojstann\u00fd-st\u00f4l-bez-kovovej-podno\u017ey-s-jednopdla\u017enou-medi\u00e1lnou-policou-3.jpg\" class=\"vcex-image-grid-entry-img wpex-lightbox-group-item\" ><img loading=\"lazy\" class=\"wpex-align-middle\" src=\"https:\/\/www.kusyn.sk\/laboratoria\/wp-content\/uploads\/2014\/04\/obojstann\u00fd-st\u00f4l-bez-kovovej-podno\u017ey-s-jednopdla\u017enou-medi\u00e1lnou-policou-3-500x500.jpg\" alt=\"\" width=\"500\" height=\"500\" \/><\/a><\/div><\/figure><\/div><div class=\"id-626 vcex-image-grid-entry vcex-grid-item textcenter span_1_of_3 col col-3\"><figure class=\"vcex-image-grid-entry-figure wpex-last-mb-0 wpex-clr\"><div class=\"vcex-image-grid-entry-img entry-media wpex-image-hover grow  wpex-mb-20\"><a href=\"https:\/\/www.kusyn.sk\/laboratoria\/wp-content\/uploads\/2014\/04\/obojstann\u00fd-st\u00f4l-bez-kovovej-podno\u017ey-s-jednopdla\u017enou-medi\u00e1lnou-policou-2.jpg\" class=\"vcex-image-grid-entry-img wpex-lightbox-group-item\" ><img loading=\"lazy\" class=\"wpex-align-middle\" src=\"https:\/\/www.kusyn.sk\/laboratoria\/wp-content\/uploads\/2014\/04\/obojstann\u00fd-st\u00f4l-bez-kovovej-podno\u017ey-s-jednopdla\u017enou-medi\u00e1lnou-policou-2-500x500.jpg\" alt=\"\" width=\"500\" height=\"500\" \/><\/a><\/div><\/figure><\/div><div class=\"id-643 vcex-image-grid-entry vcex-grid-item textcenter span_1_of_3 col col-1\"><figure class=\"vcex-image-grid-entry-figure wpex-last-mb-0 wpex-clr\"><div class=\"vcex-image-grid-entry-img entry-media wpex-image-hover grow  wpex-mb-20\"><a href=\"https:\/\/www.kusyn.sk\/laboratoria\/wp-content\/uploads\/2014\/04\/v-pravofyzik\u00e1lne-stoly-pre-pr\u00e1cu-v-stoji.jpg\" class=\"vcex-image-grid-entry-img wpex-lightbox-group-item\" ><img loading=\"lazy\" class=\"wpex-align-middle\" src=\"https:\/\/www.kusyn.sk\/laboratoria\/wp-content\/uploads\/2014\/04\/v-pravofyzik\u00e1lne-stoly-pre-pr\u00e1cu-v-stoji-500x500.jpg\" alt=\"\" width=\"500\" height=\"500\" \/><\/a><\/div><\/figure><\/div><div class=\"id-633 vcex-image-grid-entry vcex-grid-item textcenter span_1_of_3 col col-2\"><figure class=\"vcex-image-grid-entry-figure wpex-last-mb-0 wpex-clr\"><div class=\"vcex-image-grid-entry-img entry-media wpex-image-hover grow  wpex-mb-20\"><a href=\"https:\/\/www.kusyn.sk\/laboratoria\/wp-content\/uploads\/2014\/04\/o\u010dn\u00e1-sprcha.jpg\" class=\"vcex-image-grid-entry-img wpex-lightbox-group-item\" ><img loading=\"lazy\" class=\"wpex-align-middle\" src=\"https:\/\/www.kusyn.sk\/laboratoria\/wp-content\/uploads\/2014\/04\/o\u010dn\u00e1-sprcha-500x500.jpg\" alt=\"\" width=\"500\" height=\"500\" \/><\/a><\/div><\/figure><\/div><div class=\"id-644 vcex-image-grid-entry vcex-grid-item textcenter span_1_of_3 col col-3\"><figure class=\"vcex-image-grid-entry-figure wpex-last-mb-0 wpex-clr\"><div class=\"vcex-image-grid-entry-img entry-media wpex-image-hover grow  wpex-mb-20\"><a href=\"https:\/\/www.kusyn.sk\/laboratoria\/wp-content\/uploads\/2014\/04\/v\u00e1hov\u00e9-stoly-\u017eula.jpg\" class=\"vcex-image-grid-entry-img wpex-lightbox-group-item\" ><img loading=\"lazy\" class=\"wpex-align-middle\" src=\"https:\/\/www.kusyn.sk\/laboratoria\/wp-content\/uploads\/2014\/04\/v\u00e1hov\u00e9-stoly-\u017eula-500x500.jpg\" alt=\"\" width=\"500\" height=\"500\" \/><\/a><\/div><\/figure><\/div><div class=\"id-611 vcex-image-grid-entry vcex-grid-item textcenter span_1_of_3 col col-1\"><figure class=\"vcex-image-grid-entry-figure wpex-last-mb-0 wpex-clr\"><div class=\"vcex-image-grid-entry-img entry-media wpex-image-hover grow  wpex-mb-20\"><a href=\"https:\/\/www.kusyn.sk\/laboratoria\/wp-content\/uploads\/2014\/04\/DS-18-v-digestory.jpg\" class=\"vcex-image-grid-entry-img wpex-lightbox-group-item\" ><img loading=\"lazy\" class=\"wpex-align-middle\" src=\"https:\/\/www.kusyn.sk\/laboratoria\/wp-content\/uploads\/2014\/04\/DS-18-v-digestory-500x500.jpg\" alt=\"\" width=\"500\" height=\"500\" \/><\/a><\/div><\/figure><\/div><div class=\"id-629 vcex-image-grid-entry vcex-grid-item textcenter span_1_of_3 col col-2\"><figure class=\"vcex-image-grid-entry-figure wpex-last-mb-0 wpex-clr\"><div class=\"vcex-image-grid-entry-img entry-media wpex-image-hover grow  wpex-mb-20\"><a href=\"https:\/\/www.kusyn.sk\/laboratoria\/wp-content\/uploads\/2014\/04\/obojstann\u00fd-st\u00f4l-bez-kovovej-podno\u017ey-s-jednopdla\u017enou-medi\u00e1lnou-policou.jpg\" class=\"vcex-image-grid-entry-img wpex-lightbox-group-item\" ><img loading=\"lazy\" class=\"wpex-align-middle\" src=\"https:\/\/www.kusyn.sk\/laboratoria\/wp-content\/uploads\/2014\/04\/obojstann\u00fd-st\u00f4l-bez-kovovej-podno\u017ey-s-jednopdla\u017enou-medi\u00e1lnou-policou-500x500.jpg\" alt=\"\" width=\"500\" height=\"500\" \/><\/a><\/div><\/figure><\/div><div class=\"id-606 vcex-image-grid-entry vcex-grid-item textcenter span_1_of_3 col col-3\"><figure class=\"vcex-image-grid-entry-figure wpex-last-mb-0 wpex-clr\"><div class=\"vcex-image-grid-entry-img entry-media wpex-image-hover grow  wpex-mb-20\"><a href=\"https:\/\/www.kusyn.sk\/laboratoria\/wp-content\/uploads\/2014\/04\/bezpe\u010dnostn\u00e1-skri\u0148a-s-skri\u0148a-na-pr\u00edstroje-vzadu.jpg\" class=\"vcex-image-grid-entry-img wpex-lightbox-group-item\" ><img loading=\"lazy\" class=\"wpex-align-middle\" src=\"https:\/\/www.kusyn.sk\/laboratoria\/wp-content\/uploads\/2014\/04\/bezpe\u010dnostn\u00e1-skri\u0148a-s-skri\u0148a-na-pr\u00edstroje-vzadu-500x500.jpg\" alt=\"\" width=\"500\" height=\"500\" \/><\/a><\/div><\/figure><\/div><div class=\"id-619 vcex-image-grid-entry vcex-grid-item textcenter span_1_of_3 col col-1\"><figure class=\"vcex-image-grid-entry-figure wpex-last-mb-0 wpex-clr\"><div class=\"vcex-image-grid-entry-img entry-media wpex-image-hover grow  wpex-mb-20\"><a href=\"https:\/\/www.kusyn.sk\/laboratoria\/wp-content\/uploads\/2014\/04\/keramick\u00e1-dla\u017eba-s-plastov\u00fdm-lemom-dookola-3.jpg\" class=\"vcex-image-grid-entry-img wpex-lightbox-group-item\" ><img loading=\"lazy\" class=\"wpex-align-middle\" src=\"https:\/\/www.kusyn.sk\/laboratoria\/wp-content\/uploads\/2014\/04\/keramick\u00e1-dla\u017eba-s-plastov\u00fdm-lemom-dookola-3-500x485.jpg\" alt=\"\" width=\"500\" height=\"485\" \/><\/a><\/div><\/figure><\/div><div class=\"id-608 vcex-image-grid-entry vcex-grid-item textcenter span_1_of_3 col col-2\"><figure class=\"vcex-image-grid-entry-figure wpex-last-mb-0 wpex-clr\"><div class=\"vcex-image-grid-entry-img entry-media wpex-image-hover grow  wpex-mb-20\"><a href=\"https:\/\/www.kusyn.sk\/laboratoria\/wp-content\/uploads\/2014\/04\/Digestor-DS-18-V-s-keramickou-dla\u017ebou.jpg\" class=\"vcex-image-grid-entry-img wpex-lightbox-group-item\" ><img loading=\"lazy\" class=\"wpex-align-middle\" src=\"https:\/\/www.kusyn.sk\/laboratoria\/wp-content\/uploads\/2014\/04\/Digestor-DS-18-V-s-keramickou-dla\u017ebou-500x500.jpg\" alt=\"\" width=\"500\" height=\"500\" \/><\/a><\/div><\/figure><\/div><div class=\"id-618 vcex-image-grid-entry vcex-grid-item textcenter span_1_of_3 col col-3\"><figure class=\"vcex-image-grid-entry-figure wpex-last-mb-0 wpex-clr\"><div class=\"vcex-image-grid-entry-img entry-media wpex-image-hover grow  wpex-mb-20\"><a href=\"https:\/\/www.kusyn.sk\/laboratoria\/wp-content\/uploads\/2014\/04\/kancel\u00e1rsky-st\u00f4l.jpg\" class=\"vcex-image-grid-entry-img wpex-lightbox-group-item\" ><img loading=\"lazy\" class=\"wpex-align-middle\" src=\"https:\/\/www.kusyn.sk\/laboratoria\/wp-content\/uploads\/2014\/04\/kancel\u00e1rsky-st\u00f4l-500x500.jpg\" alt=\"\" width=\"500\" height=\"500\" \/><\/a><\/div><\/figure><\/div><div class=\"id-641 vcex-image-grid-entry vcex-grid-item textcenter span_1_of_3 col col-1\"><figure class=\"vcex-image-grid-entry-figure wpex-last-mb-0 wpex-clr\"><div class=\"vcex-image-grid-entry-img entry-media wpex-image-hover grow  wpex-mb-20\"><a href=\"https:\/\/www.kusyn.sk\/laboratoria\/wp-content\/uploads\/2014\/04\/st\u00f4l-pre-pr\u00e1cu-v-stoji-prac.doska-PF.jpg\" class=\"vcex-image-grid-entry-img wpex-lightbox-group-item\" ><img loading=\"lazy\" class=\"wpex-align-middle\" src=\"https:\/\/www.kusyn.sk\/laboratoria\/wp-content\/uploads\/2014\/04\/st\u00f4l-pre-pr\u00e1cu-v-stoji-prac.doska-PF-500x500.jpg\" alt=\"\" width=\"500\" height=\"500\" \/><\/a><\/div><\/figure><\/div><div class=\"id-635 vcex-image-grid-entry vcex-grid-item textcenter span_1_of_3 col col-2\"><figure class=\"vcex-image-grid-entry-figure wpex-last-mb-0 wpex-clr\"><div class=\"vcex-image-grid-entry-img entry-media wpex-image-hover grow  wpex-mb-20\"><a href=\"https:\/\/www.kusyn.sk\/laboratoria\/wp-content\/uploads\/2014\/04\/pracovn\u00e1-doska-postforming-2.jpg\" class=\"vcex-image-grid-entry-img wpex-lightbox-group-item\" ><img loading=\"lazy\" class=\"wpex-align-middle\" src=\"https:\/\/www.kusyn.sk\/laboratoria\/wp-content\/uploads\/2014\/04\/pracovn\u00e1-doska-postforming-2-500x500.jpg\" alt=\"\" width=\"500\" height=\"500\" \/><\/a><\/div><\/figure><\/div><div class=\"id-636 vcex-image-grid-entry vcex-grid-item textcenter span_1_of_3 col col-3\"><figure class=\"vcex-image-grid-entry-figure wpex-last-mb-0 wpex-clr\"><div class=\"vcex-image-grid-entry-img entry-media wpex-image-hover grow  wpex-mb-20\"><a href=\"https:\/\/www.kusyn.sk\/laboratoria\/wp-content\/uploads\/2014\/04\/pracovn\u00e1-doska-postforming.jpg\" class=\"vcex-image-grid-entry-img wpex-lightbox-group-item\" ><img loading=\"lazy\" class=\"wpex-align-middle\" src=\"https:\/\/www.kusyn.sk\/laboratoria\/wp-content\/uploads\/2014\/04\/pracovn\u00e1-doska-postforming-500x500.jpg\" alt=\"\" width=\"500\" height=\"500\" \/><\/a><\/div><\/figure><\/div><div class=\"id-621 vcex-image-grid-entry vcex-grid-item textcenter span_1_of_3 col col-1\"><figure class=\"vcex-image-grid-entry-figure wpex-last-mb-0 wpex-clr\"><div class=\"vcex-image-grid-entry-img entry-media wpex-image-hover grow  wpex-mb-20\"><a href=\"https:\/\/www.kusyn.sk\/laboratoria\/wp-content\/uploads\/2014\/04\/keramick\u00e1-dla\u017eba-s-vyv\u00fd\u0161en\u00fdm-okrajom-2.jpg\" class=\"vcex-image-grid-entry-img wpex-lightbox-group-item\" ><img loading=\"lazy\" class=\"wpex-align-middle\" src=\"https:\/\/www.kusyn.sk\/laboratoria\/wp-content\/uploads\/2014\/04\/keramick\u00e1-dla\u017eba-s-vyv\u00fd\u0161en\u00fdm-okrajom-2-500x500.jpg\" alt=\"\" width=\"500\" height=\"500\" \/><\/a><\/div><\/figure><\/div><div class=\"id-631 vcex-image-grid-entry vcex-grid-item textcenter span_1_of_3 col col-2\"><figure class=\"vcex-image-grid-entry-figure wpex-last-mb-0 wpex-clr\"><div class=\"vcex-image-grid-entry-img entry-media wpex-image-hover grow  wpex-mb-20\"><a href=\"https:\/\/www.kusyn.sk\/laboratoria\/wp-content\/uploads\/2014\/04\/obojstrann\u00fd-st\u00f4l-rohov\u00fd.jpg\" class=\"vcex-image-grid-entry-img wpex-lightbox-group-item\" ><img loading=\"lazy\" class=\"wpex-align-middle\" src=\"https:\/\/www.kusyn.sk\/laboratoria\/wp-content\/uploads\/2014\/04\/obojstrann\u00fd-st\u00f4l-rohov\u00fd-500x500.jpg\" alt=\"\" width=\"500\" height=\"500\" \/><\/a><\/div><\/figure><\/div><div class=\"id-625 vcex-image-grid-entry vcex-grid-item textcenter span_1_of_3 col col-3\"><figure class=\"vcex-image-grid-entry-figure wpex-last-mb-0 wpex-clr\"><div class=\"vcex-image-grid-entry-img entry-media wpex-image-hover grow  wpex-mb-20\"><a href=\"https:\/\/www.kusyn.sk\/laboratoria\/wp-content\/uploads\/2014\/04\/keramick\u00fd-drez-bez-vyv\u00fd\u0161enia.jpg\" class=\"vcex-image-grid-entry-img wpex-lightbox-group-item\" ><img loading=\"lazy\" class=\"wpex-align-middle\" src=\"https:\/\/www.kusyn.sk\/laboratoria\/wp-content\/uploads\/2014\/04\/keramick\u00fd-drez-bez-vyv\u00fd\u0161enia-500x500.jpg\" alt=\"\" width=\"500\" height=\"500\" \/><\/a><\/div><\/figure><\/div><div class=\"id-639 vcex-image-grid-entry vcex-grid-item textcenter span_1_of_3 col col-1\"><figure class=\"vcex-image-grid-entry-figure wpex-last-mb-0 wpex-clr\"><div class=\"vcex-image-grid-entry-img entry-media wpex-image-hover grow  wpex-mb-20\"><a href=\"https:\/\/www.kusyn.sk\/laboratoria\/wp-content\/uploads\/2014\/04\/skrinka-s-ods\u00e1van\u00edm-na-chemik\u00e1lie.jpg\" class=\"vcex-image-grid-entry-img wpex-lightbox-group-item\" ><img loading=\"lazy\" class=\"wpex-align-middle\" src=\"https:\/\/www.kusyn.sk\/laboratoria\/wp-content\/uploads\/2014\/04\/skrinka-s-ods\u00e1van\u00edm-na-chemik\u00e1lie-500x500.jpg\" alt=\"\" width=\"500\" height=\"500\" \/><\/a><\/div><\/figure><\/div><div class=\"id-622 vcex-image-grid-entry vcex-grid-item textcenter span_1_of_3 col col-2\"><figure class=\"vcex-image-grid-entry-figure wpex-last-mb-0 wpex-clr\"><div class=\"vcex-image-grid-entry-img entry-media wpex-image-hover grow  wpex-mb-20\"><a href=\"https:\/\/www.kusyn.sk\/laboratoria\/wp-content\/uploads\/2014\/04\/keramick\u00e1-dla\u017eba-s-vyv\u00fd\u0161en\u00fdm-okrajom-3.jpg\" class=\"vcex-image-grid-entry-img wpex-lightbox-group-item\" ><img loading=\"lazy\" class=\"wpex-align-middle\" src=\"https:\/\/www.kusyn.sk\/laboratoria\/wp-content\/uploads\/2014\/04\/keramick\u00e1-dla\u017eba-s-vyv\u00fd\u0161en\u00fdm-okrajom-3-500x500.jpg\" alt=\"\" width=\"500\" height=\"500\" \/><\/a><\/div><\/figure><\/div><div class=\"id-620 vcex-image-grid-entry vcex-grid-item textcenter span_1_of_3 col col-3\"><figure class=\"vcex-image-grid-entry-figure wpex-last-mb-0 wpex-clr\"><div class=\"vcex-image-grid-entry-img entry-media wpex-image-hover grow  wpex-mb-20\"><a href=\"https:\/\/www.kusyn.sk\/laboratoria\/wp-content\/uploads\/2014\/04\/keramick\u00e1-dla\u017eba-s-plastov\u00fdm-lemom-dookola.jpg\" class=\"vcex-image-grid-entry-img wpex-lightbox-group-item\" ><img loading=\"lazy\" class=\"wpex-align-middle\" src=\"https:\/\/www.kusyn.sk\/laboratoria\/wp-content\/uploads\/2014\/04\/keramick\u00e1-dla\u017eba-s-plastov\u00fdm-lemom-dookola-500x500.jpg\" alt=\"\" width=\"500\" height=\"500\" \/><\/a><\/div><\/figure><\/div><div class=\"id-612 vcex-image-grid-entry vcex-grid-item textcenter span_1_of_3 col col-1\"><figure class=\"vcex-image-grid-entry-figure wpex-last-mb-0 wpex-clr\"><div class=\"vcex-image-grid-entry-img entry-media wpex-image-hover grow  wpex-mb-20\"><a href=\"https:\/\/www.kusyn.sk\/laboratoria\/wp-content\/uploads\/2014\/04\/DS12V-a-skrinka-na-chemik\u00e1lie-s-ods\u00e1van\u00edm.jpg\" class=\"vcex-image-grid-entry-img wpex-lightbox-group-item\" ><img loading=\"lazy\" class=\"wpex-align-middle\" src=\"https:\/\/www.kusyn.sk\/laboratoria\/wp-content\/uploads\/2014\/04\/DS12V-a-skrinka-na-chemik\u00e1lie-s-ods\u00e1van\u00edm-500x500.jpg\" alt=\"\" width=\"500\" height=\"500\" \/><\/a><\/div><\/figure><\/div><div class=\"id-613 vcex-image-grid-entry vcex-grid-item textcenter span_1_of_3 col col-2\"><figure class=\"vcex-image-grid-entry-figure wpex-last-mb-0 wpex-clr\"><div class=\"vcex-image-grid-entry-img entry-media wpex-image-hover grow  wpex-mb-20\"><a href=\"https:\/\/www.kusyn.sk\/laboratoria\/wp-content\/uploads\/2014\/04\/DS12V-vnutro.jpg\" class=\"vcex-image-grid-entry-img wpex-lightbox-group-item\" ><img loading=\"lazy\" class=\"wpex-align-middle\" src=\"https:\/\/www.kusyn.sk\/laboratoria\/wp-content\/uploads\/2014\/04\/DS12V-vnutro-500x500.jpg\" alt=\"\" width=\"500\" height=\"500\" \/><\/a><\/div><\/figure><\/div><div class=\"id-607 vcex-image-grid-entry vcex-grid-item textcenter span_1_of_3 col col-3\"><figure class=\"vcex-image-grid-entry-figure wpex-last-mb-0 wpex-clr\"><div class=\"vcex-image-grid-entry-img entry-media wpex-image-hover grow  wpex-mb-20\"><a href=\"https:\/\/www.kusyn.sk\/laboratoria\/wp-content\/uploads\/2014\/04\/digestor-DS-15-V.jpg\" class=\"vcex-image-grid-entry-img wpex-lightbox-group-item\" ><img loading=\"lazy\" class=\"wpex-align-middle\" src=\"https:\/\/www.kusyn.sk\/laboratoria\/wp-content\/uploads\/2014\/04\/digestor-DS-15-V-500x500.jpg\" alt=\"\" width=\"500\" height=\"500\" \/><\/a><\/div><\/figure><\/div><div class=\"id-706 vcex-image-grid-entry vcex-grid-item textcenter span_1_of_3 col col-1\"><figure class=\"vcex-image-grid-entry-figure wpex-last-mb-0 wpex-clr\"><div class=\"vcex-image-grid-entry-img entry-media wpex-image-hover grow  wpex-mb-20\"><a href=\"https:\/\/www.kusyn.sk\/laboratoria\/wp-content\/uploads\/2014\/05\/fotka-4.jpg\" class=\"vcex-image-grid-entry-img wpex-lightbox-group-item\" ><img loading=\"lazy\" class=\"wpex-align-middle\" src=\"https:\/\/www.kusyn.sk\/laboratoria\/wp-content\/uploads\/2014\/05\/fotka-4-500x500.jpg\" alt=\"\" width=\"500\" height=\"500\" \/><\/a><\/div><\/figure><\/div><div class=\"id-705 vcex-image-grid-entry vcex-grid-item textcenter span_1_of_3 col col-2\"><figure class=\"vcex-image-grid-entry-figure wpex-last-mb-0 wpex-clr\"><div class=\"vcex-image-grid-entry-img entry-media wpex-image-hover grow  wpex-mb-20\"><a href=\"https:\/\/www.kusyn.sk\/laboratoria\/wp-content\/uploads\/2014\/05\/fotka-3.jpg\" class=\"vcex-image-grid-entry-img wpex-lightbox-group-item\" ><img loading=\"lazy\" class=\"wpex-align-middle\" src=\"https:\/\/www.kusyn.sk\/laboratoria\/wp-content\/uploads\/2014\/05\/fotka-3-500x500.jpg\" alt=\"\" width=\"500\" height=\"500\" \/><\/a><\/div><\/figure><\/div><div class=\"id-704 vcex-image-grid-entry vcex-grid-item textcenter span_1_of_3 col col-3\"><figure class=\"vcex-image-grid-entry-figure wpex-last-mb-0 wpex-clr\"><div class=\"vcex-image-grid-entry-img entry-media wpex-image-hover grow  wpex-mb-20\"><a href=\"https:\/\/www.kusyn.sk\/laboratoria\/wp-content\/uploads\/2014\/05\/fotka-2.jpg\" class=\"vcex-image-grid-entry-img wpex-lightbox-group-item\" ><img loading=\"lazy\" class=\"wpex-align-middle\" src=\"https:\/\/www.kusyn.sk\/laboratoria\/wp-content\/uploads\/2014\/05\/fotka-2-500x500.jpg\" alt=\"\" width=\"500\" height=\"500\" \/><\/a><\/div><\/figure><\/div><div class=\"id-703 vcex-image-grid-entry vcex-grid-item textcenter span_1_of_3 col col-1\"><figure class=\"vcex-image-grid-entry-figure wpex-last-mb-0 wpex-clr\"><div class=\"vcex-image-grid-entry-img entry-media wpex-image-hover grow  wpex-mb-20\"><a href=\"https:\/\/www.kusyn.sk\/laboratoria\/wp-content\/uploads\/2014\/05\/fotka-1.jpg\" class=\"vcex-image-grid-entry-img wpex-lightbox-group-item\" ><img loading=\"lazy\" class=\"wpex-align-middle\" src=\"https:\/\/www.kusyn.sk\/laboratoria\/wp-content\/uploads\/2014\/05\/fotka-1-500x500.jpg\" alt=\"\" width=\"500\" height=\"500\" \/><\/a><\/div><\/figure><\/div><\/div><\/div>[\/vc_column][\/vc_row]\n","protected":false},"excerpt":{"rendered":"<p>[vc_row][vc_column width=&#8220;1\/1&#8243;][\/vc_column][\/vc_row]<\/p>\n","protected":false},"author":1,"featured_media":0,"parent":0,"menu_order":0,"comment_status":"closed","ping_status":"closed","template":"","meta":[],"_links":{"self":[{"href":"https:\/\/www.kusyn.sk\/laboratoria\/wp-json\/wp\/v2\/pages\/545"}],"collection":[{"href":"https:\/\/www.kusyn.sk\/laboratoria\/wp-json\/wp\/v2\/pages"}],"about":[{"href":"https:\/\/www.kusyn.sk\/laboratoria\/wp-json\/wp\/v2\/types\/page"}],"author":[{"embeddable":true,"href":"https:\/\/www.kusyn.sk\/laboratoria\/wp-json\/wp\/v2\/users\/1"}],"replies":[{"embeddable":true,"href":"https:\/\/www.kusyn.sk\/laboratoria\/wp-json\/wp\/v2\/comments?post=545"}],"version-history":[{"count":28,"href":"https:\/\/www.kusyn.sk\/laboratoria\/wp-json\/wp\/v2\/pages\/545\/revisions"}],"predecessor-version":[{"id":893,"href":"https:\/\/www.kusyn.sk\/laboratoria\/wp-json\/wp\/v2\/pages\/545\/revisions\/893"}],"wp:attachment":[{"href":"https:\/\/www.kusyn.sk\/laboratoria\/wp-json\/wp\/v2\/media?parent=545"}],"curies":[{"name":"wp","href":"https:\/\/api.w.org\/{rel}","templated":true}]}}