{"id":76,"date":"2014-03-11T14:30:28","date_gmt":"2014-03-11T13:30:28","guid":{"rendered":"http:\/\/wordpress.kusyn.sk\/?page_id=76"},"modified":"2014-04-01T14:23:05","modified_gmt":"2014-04-01T13:23:05","slug":"sluzby","status":"publish","type":"page","link":"https:\/\/www.kusyn.sk\/laboratoria\/sluzby\/","title":{"rendered":"Slu\u017eby"},"content":{"rendered":"[vc_row][vc_column width=&#8220;1\/1&#8243;][vc_tour style=&#8220;default&#8220;][vc_tab title=&#8220;Dovoz tovaru&#8220; tab_id=&#8220;1394543623-1-72&#8243;]<div class=\"vcex-module vcex-icon-box vcex-icon-box-one wpex-relative wpex-flex wpex-text-left\"><div class=\"vcex-icon-box-symbol wpex-flex-shrink-0 wpex-mr-20\"><div class=\"vcex-icon-box-icon wpex-inline-block wpex-child-inherit-color wpex-text-center wpex-leading-none\" style=\"color:#1e73be;font-size:24px;\"><span class=\"ticon ticon-truck\" aria-hidden=\"true\"><\/span><\/div><\/div><div class=\"vcex-icon-box-text wpex-flex-grow\"><h2 class=\"vcex-icon-box-heading wpex-heading wpex-text-md wpex-mb-10\" style=\"color:#1e73be;\">Dovoz tovaru a\u017e k V\u00e1m do laborat\u00f3ria<\/h2><div class=\"vcex-icon-box-content wpex-last-mb-0 wpex-clr\"><p>Na\u0161a firma KUSYN &#8211; Laborat\u00f3rne zariadenia zabezpe\u010duje dovoz tovaru priamo na Va\u0161e pracovisko.<\/p>\n<\/div><\/div><\/div>[\/vc_tab][vc_tab title=&#8220;Mont\u00e1\u017e&#8220; tab_id=&#8220;1394543623-2-71&#8243;]<div class=\"vcex-module vcex-icon-box vcex-icon-box-one wpex-relative wpex-flex wpex-text-left\"><div class=\"vcex-icon-box-symbol wpex-flex-shrink-0 wpex-mr-20\"><div class=\"vcex-icon-box-icon wpex-inline-block wpex-child-inherit-color wpex-text-center wpex-leading-none\" style=\"color:#1e73be;font-size:24px;\"><span class=\"ticon ticon-wrench\" aria-hidden=\"true\"><\/span><\/div><\/div><div class=\"vcex-icon-box-text wpex-flex-grow\"><h2 class=\"vcex-icon-box-heading wpex-heading wpex-text-md wpex-mb-10\" style=\"color:#1e73be;\">Mont\u00e1\u017e<\/h2><div class=\"vcex-icon-box-content wpex-last-mb-0 wpex-clr\"><p>Vieme, \u017ee mont\u00e1\u017e mus\u00ed by\u0165 vykonan\u00e1 odborne a profesion\u00e1lne. Preto v\u0161etky v\u00fdrobky zak\u00fapen\u00e9 od n\u00e1s bud\u00fa namontovan\u00e9 na\u0161im technikom.<\/p>\n<\/div><\/div><\/div>[\/vc_tab][vc_tab title=&#8220;Stavebn\u00e9 pr\u00e1ce&#8220; tab_id=&#8220;1394630845769-2-3&#8243;]<div class=\"vcex-module vcex-icon-box vcex-icon-box-one wpex-relative wpex-flex wpex-text-left\"><div class=\"vcex-icon-box-symbol wpex-flex-shrink-0 wpex-mr-20\"><div class=\"vcex-icon-box-icon wpex-inline-block wpex-child-inherit-color wpex-text-center wpex-leading-none\" style=\"color:#1e73be;font-size:24px;\"><span class=\"ticon ticon-key\" aria-hidden=\"true\"><\/span><\/div><\/div><div class=\"vcex-icon-box-text wpex-flex-grow\"><h2 class=\"vcex-icon-box-heading wpex-heading wpex-text-md wpex-mb-10\" style=\"color:#1e73be;\">Stavebn\u00e9 pr\u00e1ce<\/h2><div class=\"vcex-icon-box-content wpex-last-mb-0 wpex-clr\"><p>Budujete nov\u00e9 laborat\u00f3rium, alebo lek\u00e1re\u0148 a neviete ako za\u010da\u0165? Obr\u00e1\u0165te sa na n\u00e1s a postav\u00edme V\u00e1m ho na k\u013e\u00fa\u010d. M\u00e1me 25 ro\u010dn\u00e9 sk\u00fasenosti v oblasti chemick\u00fdch laborat\u00f3ri\u00ed. S Va\u0161im projektom V\u00e1m vieme pom\u00f4c\u0165 od vypracovania projektovej dokument\u00e1cie a\u017e po zariadenie n\u00e1bytkom a pr\u00edstrojmi.<\/p>\n<\/div><\/div><\/div>[\/vc_tab][vc_tab title=&#8220;Servis&#8220; tab_id=&#8220;1394632591946-3-10&#8243;]<div class=\"vcex-module vcex-icon-box vcex-icon-box-one wpex-relative wpex-flex wpex-text-left\"><div class=\"vcex-icon-box-symbol wpex-flex-shrink-0 wpex-mr-20\"><div class=\"vcex-icon-box-icon wpex-inline-block wpex-child-inherit-color wpex-text-center wpex-leading-none\" style=\"color:#1e73be;font-size:24px;\"><span class=\"ticon ticon-gears\" aria-hidden=\"true\"><\/span><\/div><\/div><div class=\"vcex-icon-box-text wpex-flex-grow\"><h2 class=\"vcex-icon-box-heading wpex-heading wpex-text-md wpex-mb-10\" style=\"color:#1e73be;\">Servis<\/h2><div class=\"vcex-icon-box-content wpex-last-mb-0 wpex-clr\"><p>Na v\u0161etok u n\u00e1s zak\u00fapen\u00fd tovar poskytujeme z\u00e1ru\u010dn\u00fd a poz\u00e1ru\u010dn\u00fd servis po\u010das celej \u017eivotnosti.<\/p>\n<\/div><\/div><\/div>[\/vc_tab][vc_tab title=&#8220;Projektov\u00e1 pr\u00edprava&#8220; tab_id=&#8220;1394632617197-4-0&#8243;]<div class=\"vcex-module vcex-icon-box vcex-icon-box-one wpex-relative wpex-flex wpex-text-left\"><div class=\"vcex-icon-box-symbol wpex-flex-shrink-0 wpex-mr-20\"><div class=\"vcex-icon-box-icon wpex-inline-block wpex-child-inherit-color wpex-text-center wpex-leading-none\" style=\"color:#1e73be;font-size:24px;\"><span class=\"ticon ticon-sort-alpha-asc\" aria-hidden=\"true\"><\/span><\/div><\/div><div class=\"vcex-icon-box-text wpex-flex-grow\"><h2 class=\"vcex-icon-box-heading wpex-heading wpex-text-md wpex-mb-10\" style=\"color:#1e73be;\">Projektov\u00e1 pr\u00edprava<\/h2><div class=\"vcex-icon-box-content wpex-last-mb-0 wpex-clr\"><p>Pr\u00edprava projektovej dokument\u00e1cie od A do Z.<\/p>\n<\/div><\/div><\/div>[\/vc_tab][\/vc_tour][\/vc_column][\/vc_row]\n","protected":false},"excerpt":{"rendered":"<p>[vc_row][vc_column width=&#8220;1\/1&#8243;][vc_tour style=&#8220;default&#8220;][vc_tab title=&#8220;Dovoz tovaru&#8220; tab_id=&#8220;1394543623-1-72&#8243;][\/vc_tab][vc_tab title=&#8220;Mont\u00e1\u017e&#8220; tab_id=&#8220;1394543623-2-71&#8243;][\/vc_tab][vc_tab title=&#8220;Stavebn\u00e9 pr\u00e1ce&#8220; tab_id=&#8220;1394630845769-2-3&#8243;][\/vc_tab][vc_tab title=&#8220;Servis&#8220; tab_id=&#8220;1394632591946-3-10&#8243;][\/vc_tab][vc_tab title=&#8220;Projektov\u00e1 pr\u00edprava&#8220; tab_id=&#8220;1394632617197-4-0&#8243;][\/vc_tab][\/vc_tour][\/vc_column][\/vc_row]<\/p>\n","protected":false},"author":1,"featured_media":0,"parent":0,"menu_order":0,"comment_status":"open","ping_status":"open","template":"","meta":[],"_links":{"self":[{"href":"https:\/\/www.kusyn.sk\/laboratoria\/wp-json\/wp\/v2\/pages\/76"}],"collection":[{"href":"https:\/\/www.kusyn.sk\/laboratoria\/wp-json\/wp\/v2\/pages"}],"about":[{"href":"https:\/\/www.kusyn.sk\/laboratoria\/wp-json\/wp\/v2\/types\/page"}],"author":[{"embeddable":true,"href":"https:\/\/www.kusyn.sk\/laboratoria\/wp-json\/wp\/v2\/users\/1"}],"replies":[{"embeddable":true,"href":"https:\/\/www.kusyn.sk\/laboratoria\/wp-json\/wp\/v2\/comments?post=76"}],"version-history":[{"count":6,"href":"https:\/\/www.kusyn.sk\/laboratoria\/wp-json\/wp\/v2\/pages\/76\/revisions"}],"predecessor-version":[{"id":312,"href":"https:\/\/www.kusyn.sk\/laboratoria\/wp-json\/wp\/v2\/pages\/76\/revisions\/312"}],"wp:attachment":[{"href":"https:\/\/www.kusyn.sk\/laboratoria\/wp-json\/wp\/v2\/media?parent=76"}],"curies":[{"name":"wp","href":"https:\/\/api.w.org\/{rel}","templated":true}]}}